{"id":140,"date":"2011-08-09T12:20:12","date_gmt":"2011-08-09T12:20:12","guid":{"rendered":"https:\/\/spaces.kisd.de\/identitaet\/?page_id=140"},"modified":"2021-04-08T12:57:15","modified_gmt":"2021-04-08T10:57:15","slug":"identitatsdiskurs","status":"publish","type":"page","link":"https:\/\/spaces.kisd.de\/identitaet\/recommendations\/identitatsdiskurs\/","title":{"rendered":"zum Identit\u00e4tsdiskurs"},"content":{"rendered":"<p><strong>Literatur zu Thema Identit\u00e4t im kultur- und sozialwissenschaftlichen Diskurs<\/strong><\/p>\n<p>Auf den ersten Blick verhei\u00dft das Wort Identit\u00e4t Eindeutigkeit, Einzigartigkeit. So versteht man dann auch im\u00a0 allt\u00e4glichen Sprachgebrauch Identit\u00e4t als eine Art Besitzstand, eine \u201eEssenz\u201d die jedem Individuum und jedem Ding \u201e<em>von Natur<\/em>\u201d aus gegeben sei. Der Philosoph Ludwig Wittgenstein formuliert<em>e \u201eVon zwei Dingen zu sagen, sie seien identisch, ist Unsinn und von Einem zu sagen, es sei identisch mit sich selbst, sagt gar nichts!<\/em>\u201d und tats\u00e4chlich st\u00f6\u00dft der Begriff Identit\u00e4t in der Philosophie an seine<em> ontologische<\/em> Grenze, f\u00fchrt zu Paradoxien und Aporien. Was aber keineswegs bedeutet, dass dadurch weniger \u00fcber Identit\u00e4t gesprochen w\u00fcrde, ganz im Gegenteil \u2013 Identit\u00e4t ist ein Dauerthema.\u00a0 Aber was genau versteht man unter personaler, sozialer, kultureller, regionaler, k\u00f6rperschaftlicher oder gar nationaler Identit\u00e4t?<\/p>\n<p>So entpuppt sich der Begriff Identit\u00e4t \u2013 der soviel Eindeutigkeit zu versprechen scheint \u2013 auf den zweiten Blick als vielgestaltig und \u00e4u\u00dferst fragw\u00fcrdig. Es ist nicht zuletzt der kultur- und sozialwissenschaftliche Diskurs, in welchem \u2013 seit Mitte des letzten Jahrhunderts bis in unsere heutigen Tage hinein \u2013 unterschiedlichste Konzepte und Vorstellungen von Identit\u00e4t kontrovers debattiert werden. In welchem komplexe Selbst- und Fremdverh\u00e4ltnisse des Individuums, des Subjekts oder jene von Gruppen, \u00f6ffentlichen und privaten K\u00f6rperschaften oder gar von Nationen und globalen Gebilden immer wider aufs Neue verhandelt werden. Nun geh\u00f6rt es zu den grunds\u00e4tzlichen Herausforderungen des Lehrgebiets, sowohl traditionelle, wie auch avancierte Vorstellungen von Identit\u00e4t zu verstehen und kritisch zu pr\u00fcfen, inwiefern daraus alternative Perspektiven und zuk\u00fcnftige Modelle zum Thema Identit\u00e4t und Design entwickelt werden k\u00f6nnen. Das theoretische Fundament dazu bilden eben jene Aspekte der Identit\u00e4tsforschung aus Philosophie, Soziologie, Semiotik, Psychologie, Ethno- und Anthropologie, Gender- und Cultural-Studies, Kognitions-, Kommunikations-, Medien-, Sprach- und Bildwissenschaften.<\/p>\n<p>Nachfolgende Literaturempfehlungen sollen einen leichteren Einstieg aber auch erste Einblick in spezifischere Fragestellungen des kultur- und sozialwissenschaftlichen Diskurses bieten. Wie zum Beispiel:\u00a0Identit\u00e4t als gesellschaftliche Fragestellung der Moderne und Postmoderne <em>(Zygmunt Bauman)<\/em>; Identit\u00e4t zwischen \u00bb<em>Pluralisierung und Individualisierung<\/em>\u00ab<em>(Ulrich Beck)<\/em>; Identit\u00e4t als etwas im gesellschaftlichen Prozess \u00bb<em>durch soziale Interaktion zu Bildendes<\/em>\u00ab\u00a0<em>(Herbert Mead)<\/em>; <em>Identit\u00e4t als entwicklungspsychologische Herausforderung<\/em>\u00a0<em>(Erik H. Erikson)<\/em>; Identit\u00e4t als Rolle\u00a0<em>(Erving Goffman)<\/em>; Identit\u00e4t durch Teilnahme an Interaktionsprozessen\u00a0<em>(Lothar Krappmann)<\/em>; Identit\u00e4t als \u00bbNarrationskonzept\u00ab\u00a0<em>(Wolfgang Krauss)<\/em>; Identit\u00e4t als \u00bbPassungsarbeit\u00ab zwischen Innen- und Au\u00dfenwelten und als \u00bbPatchwork\u00ab\u00a0<em>(Heiner Keupp)<\/em>; Identit\u00e4t als \u00bbtransitorischer Prozess\u00ab\u00a0<em>(J\u00fcrgen Straub)<\/em>; Identit\u00e4t in dynamischen \u00bbFigurationen\u00ab, als \u00bbWir-Ich-Balance\u00ab\u00a0<em>(Norbert Elias)<\/em>; Identit\u00e4t und Geschlecht\u00a0<em>(Judith Butler)<\/em>; Identit\u00e4t als \u00bbKampf um Anerkennung\u00ab\u00a0<em>(Axel Honneth)<\/em>\u00a0bis hin zur der radikalen Aufl\u00f6sung des Begriffs Identit\u00e4t als \u00bbideologische Zwangsvorstellung\u00ab\u00a0<em>(Michel Foucault)<\/em>, um nur einige prominente Diskurspositionen zu nennen.<\/p>\n<p><em>Literatur zum Einstieg\u00a0<\/em>in den kultur- und\u00a0sozialwissenschaftlichen Ident\u00e4tsdiskurs:<\/p>\n<p>Abels, Heinz<br \/>\n<strong>Identit\u00e4t.<\/strong> \u00dcber die Entstehung des Gedankens, dass der Mensch ein Individuum ist, den nicht leicht zu verwirklichenden Anspruch auf Individualit\u00e4t und die Tatsache, dass Identit\u00e4t in Zeiten der Individualisierung von der Hand in den Mund lebt.<br \/>\nVs Verlag, 2. \u00fcberarbeitete Auflage. 2010<\/p>\n<p>J\u00f6rissen, Benjamin(Hrsg)\/Zirfas J\u00f6rg (Hrsg)<br \/>\n<strong>Schl\u00fcsselwerke der Identit\u00e4tsforschung.<\/strong><br \/>\nVs Verlag; 2., \u00fcberarbeitete Auflage. \u00a02010<\/p>\n<p>Junge, Mattjias.<br \/>\n<strong>Individualisierung.<\/strong><br \/>\nCampus Verlag. 1. Auflage. 2002<\/p>\n<p>Eickelpasch, Rolf\/Rademacher, Claudia.<br \/>\n<strong>Identit\u00e4t.<br \/>\n<\/strong>Transcript Verlag. 1. Auflage. 2004<\/p>\n<p>Engelmann, Jan (Hrsg)<br \/>\n<strong>Die kleinen Unterschiede.<\/strong> Der Cultural Studies Reader.<br \/>\nCampus Verlag. 1. Auflage. 1995<\/p>\n<p>Kaufmann, Jean-Claude.<br \/>\n<strong>Die Erfindung des Ich: Eine Theorie der Identit\u00e4t.<br \/>\n<\/strong>Uvk Verlag; 1. Auflage. 2005<\/p>\n<p>Reckwitz, Andreas<br \/>\n<strong>Subjekt.<\/strong><br \/>\nVerlag: Transcript. 2007<\/p>\n<p>Zima, Peter V.<br \/>\n<strong>Theorie des Subjekts.<\/strong> Subjektivit\u00e4t und Identit\u00e4t zwischen Modern und Postmoderne.<br \/>\nVerlag: Transcript. Aufl. 2007<\/p>\n<p><strong>Weiterf\u00fchrende Literatur <\/strong><\/p>\n<p>Abels, Heinz<br \/>\n<strong>Interaktion, Identit\u00e4t, Pr\u00e4sentation.<\/strong> Kleine Einf\u00fchrung in eine interpretative Theorien der Soziologie.<br \/>\nVs Verlag, 5. Auflage. 2010<\/p>\n<p>Abels, Heinz\/K\u00f6nig, Alexandra<br \/>\n<strong>Sozialisation:<\/strong> Soziologische Antworten auf die Frage, wie wir werden, was wir sind, wie gesellschaftliche Ordnung m\u00f6glich ist und wie Theorien der Gesellschaft und der Identit\u00e4t ineinanderspielen<br \/>\nVs Verlag, 1. Auflage. 2010<\/p>\n<p>Albert, Mathias\/Hurrelmann, Klaus\/Quenzel, Gudrun<br \/>\n<strong>Shell Jugendtsudie 2010<\/strong><br \/>\nVerlag: Fischer. 2010<br \/>\n<em>und folgende<\/em><\/p>\n<p>Angehrn, Emil<br \/>\n<strong>Geschichte und Identit\u00e4t.<br \/>\n<\/strong>Verlag: Walter de Gruyter. 1. Auflage. 1985.<\/p>\n<p>Bauman, Zygmunt<br \/>\n<strong>Fl\u00fcchtige Zeiten. Leben in der Ungewissheit.<br \/>\n<\/strong>Verlag: Hamburger Edition. 1. Aufl. 2008<\/p>\n<p>Bauman, Zygmunt<br \/>\n<strong>Flaneure, Spieler und Touristen.<\/strong> Essays zu postmodernen Lebensformen<br \/>\nVerlag: Hamburger Edition. 1. Aufl. 2006<\/p>\n<p>Bauman, Zygmunt<br \/>\n<strong>Gemeinschaften: Auf der Suche nach Sicherheiten in<br \/>\neiner bedrohlichen Welt.<br \/>\n<\/strong>Suhrkamp Verlag. Deutsche Erstausgabe. 2009<\/p>\n<p>Bauman, Zygmunt<br \/>\n<strong>Moderne und Ambivalenz. Das Ende der Eindeutigkeit.<br \/>\n<\/strong>Verlag: Hamburger Edition. Neuausgabe. 2005<\/p>\n<p>Beck, Ulrich<br \/>\n<strong>Weltrisikogesellschaft.<\/strong> Auf der Suche nach verlorenen Sicherheiten.<br \/>\nSuhrkamp Verlag; 1. Auflage: 2008<\/p>\n<p>Berger, Peter L.\/Luckman, Thomas<br \/>\n<strong>Die gesellschaftliche Konstruktion der Wirklichkeit:\u00a0Eine Theorie der Wissensoziologie.<br \/>\n<\/strong>Verlag: Fischer. 23. Auflage. 2009<\/p>\n<p>Beierwaltes, Werner<br \/>\n<strong>Identit\u00e4t und Differenz.<br \/>\n<\/strong>Verlag:\u00a0Klostermann. 2. Auflage. 2011<\/p>\n<p>Bourdieu, Pierre<br \/>\n<strong>Die feinen Unterschiede: Kritik der gesellschaftlichen Urteilskraft.<br \/>\n<\/strong>Suhrkamp Verlag; 21. Auflage: 1987<\/p>\n<p>Butler, Judith<br \/>\n<strong>Das Unbehagen der Geschlechter.<br \/>\n<\/strong>Suhrkamp Verlag; 15. Auflage: 1991<\/p>\n<p>Butler, Judith<br \/>\n<strong>K\u00f6rper von Gewicht. Die diskursiven Grenzen des Geschlechts.<br \/>\n<\/strong>Suhrkamp Verlag; 6. Auflage: 1997<\/p>\n<p>Butler, Judith<br \/>\n<strong>Die Macht der Geschlechternormen und die Grenzen des Menschlichen.<br \/>\n<\/strong>Suhrkamp Verlag; 1. Auflage: 2011<\/p>\n<p>Br\u00f6ckling, Ulrich<br \/>\n<strong>Das Unternehmerische Selbst: Soziologie einer Subjektivierungsform.<br \/>\n<\/strong>Suhrkamp Verlag; 1. Auflage: 2007<\/p>\n<p>Clam, Jean<br \/>\n<strong>Was hei\u00dft sich an Differenz statt an Identit\u00e4t zu orientieren?<\/strong> Zur De-Ontologisierung von Philosophie und Sozialwissenschaft.<br \/>\nVerlag: Uvk. 1. Auflage. 2002<\/p>\n<p>Dahlmann, Klaus<br \/>\n<strong>Eine Geschichte des modernen Subjekts.<\/strong> Michel Foucault und Norbert Elias im Vergleich.<br \/>\nVerlag: Waxmann. 2008<\/p>\n<p>Eberlein, Undine<br \/>\n<strong>Einzigartigkeit.<\/strong> Das romantische Individualit\u00e4tskonzept der Moderne\u201c,<br \/>\nFaM, Campus 2000<\/p>\n<p>Elias, Norbert.<br \/>\n<strong>\u00dcber den Prozess der Zivilisation. Soziogenetische und psychogenetische Untersuchungen<br \/>\n<\/strong>Bd. 1: Wandlungen des Verhaltens in den weltlichen Oberschichten des Abendlandes<br \/>\nBd. 2: Wandlungen der Gesellschaft. Entwurf zu einer Theorie der Zivilisation.Suhrkamp Verlag; 30. Auflage: 1976<\/p>\n<p>Elias, Norbert.<br \/>\n<strong>Die Gesellschaft der Individuen.<\/strong><br \/>\nSuhrkamp Verlag; 7. Auflage: 1991<\/p>\n<p>Elias, Norbert.<br \/>\n<strong>Die h\u00f6fische Gesellschaft: Untersuchungen zur Soziologie des K\u00f6nigtums und der h\u00f6fischen Aristrokatie<br \/>\n<\/strong>Suhrkamp Verlag; 7. Auflage: 1983<\/p>\n<p>Elias, Norbert\/Scotson, John L.<br \/>\n<strong>Etablierte und Au\u00dfenseiter.<\/strong><br \/>\nSuhrkamp Verlag; 1. Auflage: 1993<\/p>\n<p>Elias, Norbert\/Dunning, Eric<br \/>\n<strong>Sport und Spannung im Prozesse der Zivilisation.<br \/>\n<\/strong>Suhrkamp Verlag, 2003<\/p>\n<p>Erikson, Erik H.<br \/>\n<strong>Identit\u00e4t und Lebenszyklus:<\/strong> Drei Aufs\u00e4tze.<br \/>\nSuhrkamp Verlag; 24. Auflage: 1973<\/p>\n<p>Foucault, Michel<br \/>\n<strong>Die Ordnung der Dinge.<\/strong><br \/>\nSuhrkamp Verlag. 1. Aufkage. 2010<\/p>\n<p>Foucault, Michel<br \/>\n<strong>\u00dcberwachen und Strafen: Die Geburt des Gef\u00e4ngnisses.<\/strong><br \/>\nSuhrkamp Verlag. 12. Aufkage. 1993<\/p>\n<p>Foucault, Michel<br \/>\n<strong>Wahnsinn und Gesellschaft. Eine Geschichte des Wahns im Zeitalter der Vernunft.<br \/>\n<\/strong>Suhrkamp Verlag. 18. Aufkage. 1973<\/p>\n<p>Franck, Georg<br \/>\n<strong>\u00d6konomie der Aufmerksamkeit.<\/strong> Ein Entwurf.<br \/>\nVerlag: Carl Hanser. 9. Auflage. 1998<\/p>\n<p>Fr\u00fcchtl, Josef<br \/>\n<strong>Das unversch\u00e4mte Ich: Eine Heldengeschichte der Moderne.<\/strong><br \/>\nSuhrkamp Verlag. Originalausgabe. 2004<\/p>\n<p>Goffman, Erving.<br \/>\n<strong>Wir alle spielen Theater: Die Selbstdarstellung im Alltag.<\/strong><br \/>\nVerlag:\u00a0Piper Taschenbuch; 9. Auflage. 2003<\/p>\n<p>Goffman, Erving.<br \/>\n<strong>Stigma: \u00dcber die Techniken der Bew\u00e4ltigung besch\u00e4digter Identit\u00e4t.<\/strong><br \/>\nSuhrkamp Verlag; 20. Auflage. \u00a01975<\/p>\n<p>Goffman, Erving.<br \/>\n<strong>Interaktionsrituale: \u00dcber Verhalten in direkter Kommunikation.<\/strong><br \/>\nSuhrkamp Verlag; 9. Auflage.\u00a0 1986<\/p>\n<p>Gugutzer, Robert.<br \/>\n<strong>Soziologie des K\u00f6rpers.<\/strong><br \/>\ntransscript Verlag; 1. Auflage.\u00a0 2004<\/p>\n<p>Gugutzer, Robert.<br \/>\n<strong>Body Turn: Perspektiven der Soziologie des K\u00f6rpers und des Sports.<br \/>\n<\/strong>transscript Verlag; 1. Auflage.\u00a0 2006<\/p>\n<p>Halbwachs, Maurice<br \/>\n<strong>Das Ged\u00e4chtnis und seine sozialen Bedingungen.<br \/>\n<\/strong>Suhrkamp Verlag; 3. Auflage. 1985.<\/p>\n<p>Hall, Stuart<br \/>\n<strong>Ausgew\u00e4hlte Schriften: Ideologie, Kultur, Rassismus.<br \/>\n<\/strong>Argument Verlag; 4. Auflage.\u00a0 2004<\/p>\n<p>Hall, Stuart<br \/>\n<strong>Ausgew\u00e4hlte Schriften: Identit\u00e4t, Ideologie und Repr\u00e4sentation.<\/strong><br \/>\nArgument Verlag; 3. Auflage.\u00a0 2010<\/p>\n<p>Hein-Kircher, Heidi; Hahn, Hans Henning (Hrsg)<br \/>\n<strong>Politische Mythen im 19. und 20. Jahrhundert in Mittel- und Osteuropa.<br \/>\n<\/strong>Herder Institutsverlag. 2006.<\/p>\n<p>Hobsbawm, Eric. J.<br \/>\n<strong>Nationen und Nationalismus. Mythos und Realit\u00e4t seit 1780.<br \/>\n<\/strong>Campus Verlag; 3. Auflage. 2005<\/p>\n<p>Honneth, Axel<br \/>\n<strong>Kampf um Anerkennung: Zur moralischen Grammatik sozialer Konflikte.<br \/>\n<\/strong>Suhrkamp Verlag; 6. Auflage. 1994.<\/p>\n<p>Honneth, Axel<br \/>\n<strong>Das Ich im Wir: Studien zur Anerkennungstheorie.<\/strong><br \/>\nSuhrkamp Verlag; 1. Auflage. 2010.<\/p>\n<p>Keupp, Heiner. u.a.<br \/>\n<strong>Identit\u00e4tskonstruktionen: Das Patchwork der Identit\u00e4ten in der Sp\u00e4tmoderne.<br \/>\n<\/strong>Verlag: rororo; 4. Auflage. 1999<\/p>\n<p>H\u00f6ppner, Grit<br \/>\n<strong>Alt und sch\u00f6n: Geschlecht und K\u00f6rperbilder im Kontext neoliberaler Gesellschaften.<br \/>\n<\/strong>Vs Verlag. 1.Auflage. 2011<\/p>\n<p>Krappmann, Lothar.<br \/>\n<strong>Soziologische Dimensionen der Identit\u00e4t: Strukturelle Bedingung f\u00fcr die Teilnahme an Interaktionsprozessen.<\/strong><br \/>\nVerlag: Klett-Cotta; \u00a011. Auflage. 2010<\/p>\n<p>Kraus, Wolfgang<br \/>\n<strong>Das erz\u00e4hlte Selbst. Die narrative Konstruktion von Identit\u00e4t in der Sp\u00e4tmoderne.<\/strong><br \/>\nVerlag: Centaurus. 1996.<\/p>\n<p>Loscheck, Ingrid<br \/>\n<strong>Wann ist Mode? Strukturen, Strategien und Innovationen.<br \/>\n<\/strong>Verlag:\u00a0Reimer. 1. Auflage. 2007.<\/p>\n<p>Marchart, Oliver<br \/>\n<strong>Cultural Studies.<br \/>\n<\/strong>Verlag: UTB UVK. \u00a01., Aufl. 2007<\/p>\n<p>Mead, George Herbert<br \/>\n<strong>Geist, Identit\u00e4t und Gesellschaft: Aus der Sicht des Sozialbehaviorismus.<br \/>\n<\/strong>Suhrkamp Verlag; 16. Auflage.\u00a0 1973<\/p>\n<p>Schobert, Alfred\/J\u00e4ger Siegfried<br \/>\n<strong>Mythos Identit\u00e4t. Fiktion mit Folgen.<\/strong><br \/>\nUnrast Verlag. 1., Aufl. 2004<\/p>\n<p>Sennett, Richard.<br \/>\n<strong>Der fexible Mensch: Die Kultur des neuen Kapitalismus.<\/strong><br \/>\nBvt Berliner Taschenbuch Verlag. 1., Aufl. 2006<\/p>\n<p>Straub, J\u00fcrgen (Hrsg)<br \/>\n<strong>Erz\u00e4hlung, Identit\u00e4t und historisches Bewu\u00dftsein: Die psychologische Konstruktion von Zeit und Geschichte. Erinnerung, Geschichte, Identit\u00e4t.<br \/>\n<\/strong>Suhrkamp Verlag. Erstausgabe\u00a0 1998<\/p>\n<p>Twenge, Jean M.<br \/>\n<strong>Generation me: Why today&#8217;s young americans are more confident, assertive, entitled and more miserable than ever before<\/strong><br \/>\nVerlag: FreePress. 2007<\/p>\n<p>Quante, Michael<br \/>\n<strong>Person.<\/strong><br \/>\nVerlag: Walter de Gruyter. 1. Auflage. 2007<\/p>\n<p>Villa, Paula-Irene<br \/>\n<strong>sch\u00f6n normal:<\/strong> <strong>Manipulationen am K\u00f6rper als Technologien des Selbst<\/strong><br \/>\ntransscript Verlag; 1. Auflage.\u00a0 2008<\/p>\n<p><strong><em>zum leichteren Einstieg in die grunds\u00e4tzliche Fragestellungen der Kultur- und Sozialwissenschaften:<\/em><\/strong><\/p>\n<p>Elias, Norbert<br \/>\n<strong>Was ist Soziologie<\/strong><br \/>\nVerlag: Juventa. 11. Auflage. 2009<\/p>\n<p>Henecka, Hans Peter<br \/>\n<strong>Grundkurs Soziologie.<\/strong><br \/>\nVerlag: UTB. 9. Auflage. 2009<\/p>\n<p>Hillman, Karl Heinz<br \/>\n<strong>W\u00f6rterbuch der Soziologie.<\/strong><br \/>\nVerlag:\u00a0Kr\u00f6ner;<br \/>\n5. Auflage. 2005.<\/p>\n<p>H\u00f6risch, Jochen<br \/>\n<strong>Theorie-Apotheke:<\/strong> <strong>Eine Handreichung zu den humanwissenschaftlichen Theorien der letzten f\u00fcnfzig Jahre, einschlie\u00dflich ihrer Risiken und Nebenwirkungen<\/strong><br \/>\nSuhrkamp Verlag. 2. Auflage. 2010.<\/p>\n<p>Kaesler, Dirk (Hrsg.)<br \/>\n<strong>Klassiker der Soziologie-01. Von Auguste Comte bis Alfred Sch\u00fctz.<br \/>\nKlassiker der Soziologie-02. Talcott Parsons bis Pierre Bourdieu.<br \/>\nAktuelle Theorien der Soziologie-03. Von Shmuel Eisenstadt bis zur Postmoderne<\/strong><br \/>\nVerlag: C.H.Beck. 5. Auflage. 2006<\/p>\n<p>Ruffing, Reiner<br \/>\n<strong>Michel Foucault (UTB Profile)<\/strong><br \/>\nVerlag: UTB-Fink, 2. Auflage. 2010<\/p>\n<p>Treibel, Annette<br \/>\n<strong>Die Soziologie von Norbert Elias. Eine Einf\u00fchrung in ihre Geschichte Systematik und Perspektiven.<\/strong><br \/>\nVs Verlag; 1. Auflage. \u00a02008<\/p>\n<p>Triebel, Annette<br \/>\n<strong>Einf\u00fchrung in die soziologischen Theorien der Gegenwart .<\/strong><br \/>\nVs Verlag. \u00a07. \u00fcberarbeitete Auflage. \u00a02006.<\/p>\n<p><strong><em>zum leichteren Einstieg in die Methodiken empirischer Sozialforschung:<\/em><\/strong><\/p>\n<p>Przyborski , Aglaja\/Wohlrab-Sahr,\u00a0Monika<br \/>\n<strong>Qualitative Sozialforschung. Ein Arbeitsbuch.<\/strong><br \/>\nOldenbourg Wissenschaftsverlag. 2010.<\/p>\n","protected":false},"excerpt":{"rendered":"","protected":false},"author":32,"featured_media":0,"parent":5,"menu_order":0,"comment_status":"closed","ping_status":"closed","template":"","meta":{"scoped_notify_notify_others":"yes","footnotes":""},"class_list":["post-140","page","type-page","status-publish","hentry"],"_links":{"self":[{"href":"https:\/\/spaces.kisd.de\/identitaet\/wp-json\/wp\/v2\/pages\/140","targetHints":{"allow":["GET"]}}],"collection":[{"href":"https:\/\/spaces.kisd.de\/identitaet\/wp-json\/wp\/v2\/pages"}],"about":[{"href":"https:\/\/spaces.kisd.de\/identitaet\/wp-json\/wp\/v2\/types\/page"}],"author":[{"embeddable":true,"href":"https:\/\/spaces.kisd.de\/identitaet\/wp-json\/wp\/v2\/users\/32"}],"replies":[{"embeddable":true,"href":"https:\/\/spaces.kisd.de\/identitaet\/wp-json\/wp\/v2\/comments?post=140"}],"version-history":[{"count":1,"href":"https:\/\/spaces.kisd.de\/identitaet\/wp-json\/wp\/v2\/pages\/140\/revisions"}],"predecessor-version":[{"id":1794,"href":"https:\/\/spaces.kisd.de\/identitaet\/wp-json\/wp\/v2\/pages\/140\/revisions\/1794"}],"up":[{"embeddable":true,"href":"https:\/\/spaces.kisd.de\/identitaet\/wp-json\/wp\/v2\/pages\/5"}],"wp:attachment":[{"href":"https:\/\/spaces.kisd.de\/identitaet\/wp-json\/wp\/v2\/media?parent=140"}],"curies":[{"name":"wp","href":"https:\/\/api.w.org\/{rel}","templated":true}]}}