{"id":152,"date":"2011-08-09T12:32:02","date_gmt":"2011-08-09T12:32:02","guid":{"rendered":"https:\/\/spaces.kisd.de\/identitaet\/?page_id=152"},"modified":"2017-01-11T16:31:04","modified_gmt":"2017-01-11T15:31:04","slug":"literatur-corporate-identity-corporate-design-branding","status":"publish","type":"page","link":"https:\/\/spaces.kisd.de\/identitaet\/recommendations\/literatur-corporate-identity-corporate-design-branding\/","title":{"rendered":"zu Corporate Identity, Corporate Design, Branding, etc \u2026"},"content":{"rendered":"<p><strong>Literaturempfehlungen zu den Themen: Corporate Identity, Corporate Design, Branding, etc.:<\/strong><em><br \/> <\/em><br \/> <em>Corporate Identity, Corporate Design, Corporate Behaviour, Corporate Language, Corporate Heritage, Corporate Imagery, Corporate Culture, Corporate Sound, Corporate Image, Corporate Architecture, Corporate Publishing, Corporate Governance, Corporate Fashion, Corporate Social Resopnsibility, Corporate Branding,\u00a0\u2026 Co-Branding,\u00a0City Branding, Internal Branding, Leadership Branding, Destination Branding, Nation Branding, Foreign Branding, Sensory Branding, Audio Braning, Sound Branding, Acoustic Branding, Employer Branding, Personel Branding, Site Branding, Hardware Branding, Product Branding, Software Branding, Audio Branding, Self Branding \u2026<\/em><br \/> Die Dynamik einer hektischen und globalen \u00d6konomie \u2013 an der auch das Design partizipiert \u2013 hat zu einer recht h\u00fcbschen Menge an <em>Plastikw\u00f6rtern <\/em>und Affirmationen gef\u00fchrt.<br \/> Die Vielzahl von Aspekten und Modellen zur Corporate Identity und die bedeutungsvariable Strapazierung des Begriffs Identit\u00e4t im Jargon so genannter Trendforschung und des Marketings behindern zunehmend die begriffliche Orientierung. Auch wird darin dem Design eine Rolle zugewiesen, die einem erweiterten Verst\u00e4ndnis keineswegs entspricht.<br \/> Im Lehrgebiet Identit\u00e4t und Design sollen auch jene Positionen, auf denen diese Modelle und ihre Praxis ihrerseits beruhen, identifiziert werden. Dies betrifft nicht nur Modelle zur Unternehmens- und Markenidentit\u00e4ten, sondern auch jene zur <em>Markenbildung<\/em> von St\u00e4dten, Kommunen, Beh\u00f6rden sowie letztlich auch die vielf\u00e4ltigen Identit\u00e4tskonstruktionen von Individuen und Gruppen. Dabei sei beachtet, dass gerade Corporate Identity, Branding-Konzepte und deren Strategien zuweilen autorit\u00e4r und normierend sind und gerade dadurch dem zuwiderlaufen, was Identit\u00e4t und Identifikation im besten Fall sein k\u00f6nnten. Ein um diesen Gedanken erg\u00e4nztes Designverst\u00e4ndnis erm\u00f6glicht, das zu analysierende Problem unabh\u00e4ngig von der eigenen Realit\u00e4t, die solche Modelle erzeugen, betrachten zu k\u00f6nnen. Man wird Literatur zu den Themen Corporate Identity und Branding aus dem Feld der Wirtschaftswissenschaften, des Marketing w\u00fcrdigend studieren aber auch kritisch pr\u00fcfen m\u00fcssen.<\/p>\n<p>Anholt, Simon<br \/> <strong>Aufstieg und Fall der Marke USA. Amerikas Image zwischen Absicht und Wahrnehmung.<\/strong><br \/> Redline Wirtschaftsverlag. 1. Auflage. 2005.<\/p>\n<p>Anholt, Simon<br \/> <strong>Competetive Identity<\/strong><br \/> Verlag:\u00a0Palgrave Macmillan. 2007<\/p>\n<p>Anholt, Simon<br \/> <strong>Places: Identity, Image and Reputation.<\/strong><br \/> Verlag:\u00a0Palgrave Macmillan. 2009<\/p>\n<p>Bachinger, Richard\/Brandes, Uta\/Erlhoff, Michael (Hrsg.)<br \/> <strong>Unternehmenskultur und Stammeskultur. Metaphysische Aspekte des Kalk\u00fcls.<\/strong><br \/> Verlag der Georg B\u00fcchner Buchhandlung. 1. Auflage. 1988.<\/p>\n<p>Birkigt, Klaus\/Stadler, Marinus\/Funck, Klaus<br \/> <strong>Corporate Identity.<\/strong><br \/> Verlag: Moderne Industrie. 11. \u00fcberarbeitete Auflage. 2002.<\/p>\n<p>Esch, Franz-Rudolf<br \/> <strong>Strategie und Technik der Markenf\u00fchrung.<\/strong><br \/> Verlag:\u00a0Vahlen. 6. Auflage 2010<\/p>\n<p>Florack, Arnd\/Scarabis, Martin\/Primosch, Ernst<br \/> <strong>Psychologie der Markenf\u00fchrung.<\/strong><br \/> Verlag:\u00a0Vahlen. 1. Auflage 2007<\/p>\n<p>Hellmann, Kai-Uwe<br \/> <strong>Soziologie der Marke.<\/strong><br \/> Suhrkamp Verlag. 2. Auflage. 2003.<\/p>\n<p>Hellmann, Kai-Uwe<br \/> <strong>Fetische des Konsums. Studien zur Soziologie der Marke.<\/strong><br \/> Vs Verlag. 1. Auflage. 2010.<\/p>\n<p>Linxweiler, Richard<br \/> <strong>Marken-Design. Marken entwickeln, Markenstrategien erfolgreich umsetzen.<\/strong><br \/> Verlag:\u00a0Gabler. 2. Auflage. 2004<\/p>\n<p>Mollerup, Per<br \/> <strong>Marks of Excellence: A History ans Taxonomy of Trademarks<br \/> <\/strong>Verlag:\u00a0Phaidon Press. 1999<\/p>\n<p>Meffert, Heribert<br \/> <strong>Markenmanagement: Identit\u00e4tsorientierte Markenf\u00fchrung und praktische Umsetzung. Mit Best-Practice- Fallstudien<\/strong><br \/> Verlag:\u00a0Gabler. 2. Auflage. 2005<\/p>\n<p>Peters, Thomas J.\/Waterman Robert H.<br \/> <strong>Auf der Suche nach Spitzenleistung. <em>(bl\u00f6de \u00dcbersetzung des Titels aber lesenswert)<\/em><\/strong><br \/> <span class=\"Apple-style-span\">Redline Wirtschaftsverlag. 1. Auflage. 2004.<\/span><\/p>\n<p>Remy, Volker<br \/> <strong>Die Imagefalle: Identit\u00e4tsmarketing f\u00fcr St\u00e4dt und Regionen im Zeichen der soziodemografischen Zeitenwende.<\/strong><br \/> Verlag:\u00a0Graco. 2006.<\/p>\n<p> Steiner, Paul<br \/> <strong>Sound Branding. Grundlagen akkustischer Markenf\u00fchrung<\/strong>.<br \/> Verlag:\u00a0Gabler. 1. Auflage. 2009<\/p>\n<p>Steiner, Paul<br \/> <strong>Sensory Branding. Grundlagen multisensualer Markenf\u00fchrung.<\/strong><br \/> Verlag:\u00a0Gabler. 1. Auflage. 2011<\/p>\n<p><em><br \/> <\/em><\/p>\n","protected":false},"excerpt":{"rendered":"","protected":false},"author":32,"featured_media":0,"parent":5,"menu_order":4,"comment_status":"closed","ping_status":"closed","template":"","meta":{"scoped_notify_notify_others":"yes","footnotes":""},"class_list":["post-152","page","type-page","status-publish","hentry"],"_links":{"self":[{"href":"https:\/\/spaces.kisd.de\/identitaet\/wp-json\/wp\/v2\/pages\/152","targetHints":{"allow":["GET"]}}],"collection":[{"href":"https:\/\/spaces.kisd.de\/identitaet\/wp-json\/wp\/v2\/pages"}],"about":[{"href":"https:\/\/spaces.kisd.de\/identitaet\/wp-json\/wp\/v2\/types\/page"}],"author":[{"embeddable":true,"href":"https:\/\/spaces.kisd.de\/identitaet\/wp-json\/wp\/v2\/users\/32"}],"replies":[{"embeddable":true,"href":"https:\/\/spaces.kisd.de\/identitaet\/wp-json\/wp\/v2\/comments?post=152"}],"version-history":[{"count":1,"href":"https:\/\/spaces.kisd.de\/identitaet\/wp-json\/wp\/v2\/pages\/152\/revisions"}],"predecessor-version":[{"id":1551,"href":"https:\/\/spaces.kisd.de\/identitaet\/wp-json\/wp\/v2\/pages\/152\/revisions\/1551"}],"up":[{"embeddable":true,"href":"https:\/\/spaces.kisd.de\/identitaet\/wp-json\/wp\/v2\/pages\/5"}],"wp:attachment":[{"href":"https:\/\/spaces.kisd.de\/identitaet\/wp-json\/wp\/v2\/media?parent=152"}],"curies":[{"name":"wp","href":"https:\/\/api.w.org\/{rel}","templated":true}]}}