{"id":155,"date":"2011-08-09T12:33:25","date_gmt":"2011-08-09T12:33:25","guid":{"rendered":"https:\/\/spaces.kisd.de\/identitaet\/?page_id=155"},"modified":"2021-02-19T15:27:49","modified_gmt":"2021-02-19T14:27:49","slug":"literatur-bildwissenschaften","status":"publish","type":"page","link":"https:\/\/spaces.kisd.de\/identitaet\/recommendations\/literatur-bildwissenschaften\/","title":{"rendered":"zu den Bildwissenschaften"},"content":{"rendered":"<p><strong>Literaturempfehlungen zu den \u201eBildwissenschaften\u201d<\/strong><\/p>\n<p><em><strong>Das Bild hat immer das letzte Wort.<\/strong><\/em> (Jaques Derrida)<\/p>\n<p>Nicht ganz unversehens findet sich das Wort \u201eBildwissenschaften\u201d in Anf\u00fchrungszeichen gesetzt. Anders als etabliertere Bezugswissenschaften, wie die Soziologie oder die Semiotik \u2013 so alt sind diese widerum auch nicht \u2013 handelt es sich bei den Bildwissenschaften um ein noch sehr junges Feld wissenschaftlicher Er\u00f6rterung. Weiterhin deutet auch die \u00fcbliche Form des Plurals \u201eBildwissenschaft<em>en\u201d<\/em> darauf hin, dass hier ganz unterschiedliche Disziplinen zueinander gefunden haben, Kunstwissenschaften, Semiotik, Ph\u00e4nomenologie, Medienwissenschaften usw.<\/p>\n<p>Im Zuge der fortschreitenden <em>Medialisierung<\/em> unserer Lebenswelt, die freilich auf die technologischen Innovationen des letzten Jahrhunderts, wie Fotografie, Film, Telefonie, Fernsehen und Onlinekommunikation usw. zur\u00fcckzuf\u00fchren ist, hat die Frage nach <em>dem Bild<\/em> enorm an Relevanz gewonnen. War es im Anfang des letzten Jahrhunderts die Linguistik, die in der Sprache und ihrer <em>Struktur<\/em> den Schl\u00fcssel zum Verst\u00e4ndnis vielf\u00e4ltiger und komplexer Problemstellungen erkannte und dadurch einen Paradigmenwechsel in vielen anderen Wissenschaften \u2013 den sogenannten <em>linguistic turn \u2013<\/em> einleitete, so wird dies heutzutage auch f\u00fcr das Bild behauptet. Man spricht vom<em> iconic turn<\/em>\u00a0oder etwas weiter greifender vom <em>visualistic turn. <br \/><\/em>Ganz ohne Zweifel gewinnen Bilder zunehmend an Bedeutung. Dabei vergisst man leider, dass Bilder immer schon Gegenstand heftiger, mitunter t\u00f6dlicher Auseinandersetzungen waren. Die Geschichte der Bilder war auch immer die Geschichte <em>ideolatrischen Kults<\/em> und <em>ikonoklastischer Zerst\u00f6rungswut<\/em>.<\/p>\n<p><em><strong>Worte l\u00fcgen manchmal \u2013 Bilder immer.<\/strong> (Clemens Albrecht).<\/em><br \/>Erstaunlicherweise ist die wissenschaftliche Auseinandersetzung und der kompetente Umgang mit dem Medium Bild, bei weitem nicht so fortgeschritten, wie es beim Medium Sprache \u00a0\u2013 als dem behaupteten Leitmedium unserer Kultur \u2013 der Fall ist. Es sind die Kunstgeschichte, die Semiotik und die Kultur- und Medienwissenschaften, die ganz zweifellos in dieses Feld am weitesten vorgedrungen sind. <br \/>Hierin besch\u00e4ftigt man sich unter anderem mit den Fragen:<br \/>Was ist ein Bild?<br \/>Was ist es, dass Bilder Sinn erzeugen l\u00e4sst?<br \/>Sind Bilder nur \u00bbAbbildungen\u00ab einer vermeintlichen Realit\u00e4t oder erzeugen sie ihre eigene Wirklichkeit?<br \/>Wie werden Bilder generiert und in der Kommunikation gebraucht?<br \/>Wie lassen sich Bilder anschauen,\u00a0<em>lesen respektive\u00a0<\/em>verstehen?<\/p>\n<p>All jene, die mindestens eine der oben gestellten Fragen nicht so ohne weiteres beantworten k\u00f6nnen, finden im nachfolgenden Unterst\u00fctzung:<\/p>\n<p><em><em>Literatur zum Einstieg:<\/em><\/em><\/p>\n<p>Barthes, Roland<br \/><strong>Die helle Kammer.<br \/><\/strong>Suhrkamp Verlag. 1. Auflage. 1989<\/p>\n<p>Belting, Hans<br \/><strong>Das echte Bild: Bilderfragen als Glaubensfragen.<br \/><\/strong>Verlag:\u00a0Beck. 2., Aufl. 2006<\/p>\n<p>Liebert. Wolgang A.\/Metten\u00a0Thomas (Hrsg.)<br \/><strong>Mit Bildern l\u00fcgen.<br \/><\/strong>Verlag: Halem. 1. Auflage. 2007.<\/p>\n<p>Scholz, R. Oliver<br \/><strong>Bild, Darstellung, Zeichen. Philosophische Theorien bildlicher Darstellung.<br \/><\/strong>Verlag: Vittoriao Klostermann. 2. Auflage. 2004.<\/p>\n<p>Sontag, Susan<br \/><strong>Das Leiden der anderen betrachten.<br \/><\/strong>Verlag:\u00a0Fischer. 3. Auflage. 2005<\/p>\n<p><em>Weiterf\u00fchrende Literatur:<\/em><\/p>\n<p>Belting, Hans<br \/><strong>Das unsichtbare Meisterwerk. Die Mythen der modernen Kunst.<br \/><\/strong>Verlag: C.H. Beck. 1., Aufl. 2001<\/p>\n<p>Belting, Hans<br \/><strong>Bild-Anthroplogie. Entw\u00fcrfe f\u00fcr eine Bildwissenschaft.<br \/><\/strong>Verlag: Fink Wilhelm Gmbh. 3. Auflage. 2005<\/p>\n<p>Belting, Hans<br \/><strong>Bildfragen: Die Bildwissenschaft im Aufbruch.<br \/><\/strong>Verlag: Fink Wilhelm Gmbh. 1. Auflage. 2007<\/p>\n<p>B\u00f6hm, Gottfried (Hrsg)<br \/><strong>Was ist ein Bild?<br \/><\/strong>Verlag:\u00a0Fink (Wilhelm). 4. Auflage. 2006<\/p>\n<p>B\u00f6hm, Gottfried (Hrsg)<br \/><strong>Wie Bilder Sinn erzeugen. Die Macht des Zeigens.<br \/><\/strong>Verlag: Berlin University Press. 2. Auflage. 2008.<\/p>\n<p>Bredekamp, Horst<br \/><strong>Das Technische Bild: Kompendium zu einer Stilgeschichte wissenschaftlicher Bilder.<br \/><\/strong>Oldenbourg Akademieverlag. 2008<\/p>\n<p>Bredekamp, Horst<br \/><strong>Theorie des Bildaktes.<br \/><\/strong>Suhrkamp Verlag. 2 Auflage. 2010.<\/p>\n<p>Bredekamp, Horst\/und weiteren Hrsg.<br \/>wird die Publikationsreihe <strong>Bildwelten des Wissens<\/strong> herausgegeben.<br \/>Erscheinungsweise zweimal j\u00e4hrlich:<\/p>\n<p><em><a href=\"http:\/\/www.kulturtechnik.hu-berlin.de\/bildwelten\/band1-1\">Band 1,1: Bilder in Prozessen (M\u00e4rz 2003)<\/a><\/em><\/p>\n<p><a href=\"http:\/\/www.kulturtechnik.hu-berlin.de\/bildwelten\/band1-2\">Band 1,2: Oberfl\u00e4chen der Theorie (Oktober 2003)<\/a><\/p>\n<p><a href=\"http:\/\/www.kulturtechnik.hu-berlin.de\/bildwelten\/band2-1\">Band 2,1: Bildtechniken des Ausnahmezustandes (Mai 2004)<\/a><\/p>\n<p><a href=\"http:\/\/www.kulturtechnik.hu-berlin.de\/bildwelten\/band2-2\">Band 2,2: Instrumente des Sehens (November 2004)<\/a><\/p>\n<p><a href=\"http:\/\/www.kulturtechnik.hu-berlin.de\/bildwelten\/band3-1\">Band 3,1: Bildtextile Ordnungen (Juni 2005)<\/a><\/p>\n<p><a href=\"http:\/\/www.kulturtechnik.hu-berlin.de\/bildwelten\/band3-2\">Band 3,2: Digitale Form (Winter 2005)<\/a><\/p>\n<p><a href=\"http:\/\/www.kulturtechnik.hu-berlin.de\/bildwelten\/band4-1\">Band 4,1: Farbstrategien (Sommer 2006)<\/a><\/p>\n<p><a href=\"http:\/\/www.kulturtechnik.hu-berlin.de\/bildwelten\/band4-2\">Band 4,2: Bilder ohne Betrachter (Winter 2006)<\/a><\/p>\n<p><a href=\"http:\/\/www.kulturtechnik.hu-berlin.de\/bildwelten\/band5-1\">Band 5.1: Systemische R\u00e4ume (Sommer 2007)<\/a><\/p>\n<p><a href=\"http:\/\/www.kulturtechnik.hu-berlin.de\/bildwelten\/band5-2\">Band 5.2: Imagination des Himmels (Winter 2007)<\/a><\/p>\n<p><a href=\"http:\/\/www.kulturtechnik.hu-berlin.de\/bildwelten\/band6-1\">Band 6.1: Ikonographie des Gehirns (Sommer 2008)<\/a><\/p>\n<p><a href=\"http:\/\/www.kulturtechnik.hu-berlin.de\/bildwelten\/band6-2\">Band 6.2:\u00a0<\/a><em><a href=\"http:\/\/www.kulturtechnik.hu-berlin.de\/bildwelten\/band6-2\">Grenzbilder (Winter 2008)<\/a><\/em><\/p>\n<p><a href=\"http:\/\/www.kulturtechnik.hu-berlin.de\/bildwelten\/band7-1\">Band 7.1:\u00a0<\/a><em><a href=\"http:\/\/www.kulturtechnik.hu-berlin.de\/bildwelten\/band7-1\">Bildendes Sehen (Sommer 2009)<\/a><\/em><\/p>\n<p><a href=\"http:\/\/www.kulturtechnik.hu-berlin.de\/bildwelten\/band7-2\">Band 7.2:\u00a0<\/a><em><a href=\"http:\/\/www.kulturtechnik.hu-berlin.de\/bildwelten\/band7-2\">Mathematische Forme(l)n (Sommer 2010)<\/a><\/em><\/p>\n<p><a href=\"http:\/\/www.kulturtechnik.hu-berlin.de\/bildwelten\/band8-1\">Band 8.1:\u00a0<\/a><em><a href=\"http:\/\/www.kulturtechnik.hu-berlin.de\/bildwelten\/band8-1\">Kontaktbilder (Winter 2010)<\/a><\/em><\/p>\n<p>Akademie Verlag<\/p>\n<p>Bruhn, Matthias<br \/><strong>Das Bild: Theorie\u2013 Geschichte \u2013 Praxis.<br \/><\/strong>Oldenbourg Akademieverlag. 2008<\/p>\n<p>B\u00fcttner, Frank\/Gottdang Andrea<br \/><strong>Einf\u00fchrung in die Ikonografie. Wege zur Deutung von Bildinhalten.<br \/><\/strong>Verlag:\u00a0Beck. 2. Auflage: 2., durchgesehene Auflage (16. Oktober 2009)<\/p>\n<p>Hensel, Thomas<br \/><strong>Wie aus der Kunstgeschichte eine Bildgeschichte wurde. Aby Warbugs Graphien.<br \/><\/strong>Oldenbourg Akademieverlag. 2011<\/p>\n<p>Panofsky, Erwin<br \/><strong>Ikonografie und Ikonologie<br \/><\/strong>Verlag:\u00a0Dumont Buchverlag. 1. Auflage. 2006<\/p>\n<p>Paul, Gerhard<br \/><strong>Bilder des Krieges \u2013 Krieg der Bilder. Die Visualisierung des Krieges in der Moderne.<br \/><\/strong>Verlag:\u00a0Fink. 1. Auflage. 2004.<\/p>\n<p>Probst, J\u00fcrgen (Hrsg.)<br \/><strong>Ideengeschichte der Bildwissenschaften. Siebzehn Portraits. <br \/><\/strong>Suhrkamp Verlag. Originalausgabe. 2009.<\/p>\n<p>Sachs-Hombach, Klaus<br \/><strong>Bildwissenschaften zwischen Reflexion und Anwendung.<br \/><\/strong>Verlag:\u00a0Halem. 1. Auflage. 2001<\/p>\n<p>Wiesing, Lambert<br \/><strong>Artifizielle Pr\u00e4senz: Studien zur Philosophie des Bildes<br \/><\/strong>Suhrkamp Verlag. 3. Auflage. \u00a02005<\/p>\n","protected":false},"excerpt":{"rendered":"","protected":false},"author":32,"featured_media":0,"parent":5,"menu_order":3,"comment_status":"closed","ping_status":"closed","template":"","meta":{"scoped_notify_notify_others":"yes","footnotes":""},"class_list":["post-155","page","type-page","status-publish","hentry"],"_links":{"self":[{"href":"https:\/\/spaces.kisd.de\/identitaet\/wp-json\/wp\/v2\/pages\/155","targetHints":{"allow":["GET"]}}],"collection":[{"href":"https:\/\/spaces.kisd.de\/identitaet\/wp-json\/wp\/v2\/pages"}],"about":[{"href":"https:\/\/spaces.kisd.de\/identitaet\/wp-json\/wp\/v2\/types\/page"}],"author":[{"embeddable":true,"href":"https:\/\/spaces.kisd.de\/identitaet\/wp-json\/wp\/v2\/users\/32"}],"replies":[{"embeddable":true,"href":"https:\/\/spaces.kisd.de\/identitaet\/wp-json\/wp\/v2\/comments?post=155"}],"version-history":[{"count":2,"href":"https:\/\/spaces.kisd.de\/identitaet\/wp-json\/wp\/v2\/pages\/155\/revisions"}],"predecessor-version":[{"id":1735,"href":"https:\/\/spaces.kisd.de\/identitaet\/wp-json\/wp\/v2\/pages\/155\/revisions\/1735"}],"up":[{"embeddable":true,"href":"https:\/\/spaces.kisd.de\/identitaet\/wp-json\/wp\/v2\/pages\/5"}],"wp:attachment":[{"href":"https:\/\/spaces.kisd.de\/identitaet\/wp-json\/wp\/v2\/media?parent=155"}],"curies":[{"name":"wp","href":"https:\/\/api.w.org\/{rel}","templated":true}]}}