{"id":5,"date":"2011-07-20T11:40:32","date_gmt":"2011-07-20T09:40:32","guid":{"rendered":""},"modified":"2021-03-15T12:57:45","modified_gmt":"2021-03-15T11:57:45","slug":"recommendations","status":"publish","type":"page","link":"https:\/\/spaces.kisd.de\/identitaet\/recommendations\/","title":{"rendered":"Literatur \u2026"},"content":{"rendered":"<p><strong>Literaturempfehlungen zum Lehrgebiet Identit\u00e4t und Design.<\/strong><\/p>\n<p>Hierbei handelt es sich um eine erste Sammlung f\u00fcr Studierend der K\u00f6ln International School of Design, die sich mit den bezugswissenschaftlichen Blickwinkeln auf Identit\u00e4t, vertraut machen wollen.<br \/>\nDie angegebenen Literaturen k\u00f6nnen bei mir oder in der Bibliothek der TH K\u00f6ln ausgeliehen werden.<br \/>\nDer einfachen \u00dcbersicht halber finden sich die Literaturempfehlungen nach Themen gegliedert:<\/p>\n<p><a class=\"\" title=\"zum Identit\u00e4tsdiskurs\" href=\"https:\/\/spaces.kisd.de\/identitaet\/recommendations\/identitatsdiskurs\/\">&#8211; Identit\u00e4t im sozial- und kulturwissenschaftlichen Diskurs<\/a><\/p>\n<p><a title=\"zur Zeichentheorie, Semiotik, Semiologie\" href=\"https:\/\/spaces.kisd.de\/identitaet\/recommendations\/zeichentheorie-semiotik-semiologie\/\">&#8211; Zeichentheorien\/Semiotik\/Semiologie<\/a><\/p>\n<p><a title=\"zur Kommunikationstheorie\" href=\"https:\/\/spaces.kisd.de\/identitaet\/recommendations\/literatur-kommunikationswissenschaften\/\">&#8211; Kommunikationstheorie<\/a><\/p>\n<p><a title=\"zu den Bildwissenschaften\" href=\"https:\/\/spaces.kisd.de\/identitaet\/recommendations\/literatur-bildwissenschaften\/\">&#8211; Bildwissenschaften<\/a><\/p>\n<p><a title=\"zu Corporate Identity, Corporate Design, Branding, etc \u2026\" href=\"https:\/\/spaces.kisd.de\/identitaet\/recommendations\/literatur-corporate-identity-corporate-design-branding-%e2%80%a6\/\">&#8211; Corporate Identity, Corporate Design und Branding, etc,<\/a><\/p>\n","protected":false},"excerpt":{"rendered":"","protected":false},"author":32,"featured_media":0,"parent":0,"menu_order":2,"comment_status":"closed","ping_status":"closed","template":"","meta":{"scoped_notify_notify_others":"unknown","footnotes":""},"class_list":["post-5","page","type-page","status-publish","hentry"],"_links":{"self":[{"href":"https:\/\/spaces.kisd.de\/identitaet\/wp-json\/wp\/v2\/pages\/5","targetHints":{"allow":["GET"]}}],"collection":[{"href":"https:\/\/spaces.kisd.de\/identitaet\/wp-json\/wp\/v2\/pages"}],"about":[{"href":"https:\/\/spaces.kisd.de\/identitaet\/wp-json\/wp\/v2\/types\/page"}],"author":[{"embeddable":true,"href":"https:\/\/spaces.kisd.de\/identitaet\/wp-json\/wp\/v2\/users\/32"}],"replies":[{"embeddable":true,"href":"https:\/\/spaces.kisd.de\/identitaet\/wp-json\/wp\/v2\/comments?post=5"}],"version-history":[{"count":1,"href":"https:\/\/spaces.kisd.de\/identitaet\/wp-json\/wp\/v2\/pages\/5\/revisions"}],"predecessor-version":[{"id":1775,"href":"https:\/\/spaces.kisd.de\/identitaet\/wp-json\/wp\/v2\/pages\/5\/revisions\/1775"}],"wp:attachment":[{"href":"https:\/\/spaces.kisd.de\/identitaet\/wp-json\/wp\/v2\/media?parent=5"}],"curies":[{"name":"wp","href":"https:\/\/api.w.org\/{rel}","templated":true}]}}