{"id":974,"date":"2012-08-02T15:15:26","date_gmt":"2012-08-02T13:15:26","guid":{"rendered":"https:\/\/spaces.kisd.de\/identitaet\/?page_id=974"},"modified":"2021-04-08T12:51:30","modified_gmt":"2021-04-08T10:51:30","slug":"lehrgebiet-id","status":"publish","type":"page","link":"https:\/\/spaces.kisd.de\/identitaet\/lehrgebiet-id\/","title":{"rendered":"Lehrgebiet \/ Area of Expertise (ID)"},"content":{"rendered":"<p>Lehrgebiet: Identit\u00e4t und Design (ID) an der K\u00f6ln International School of Design, Institut der Fakult\u00e4t f\u00fcr Kulturwissenschaften an der TH K\u00f6ln\u00a0vertreten durch Prof. Andreas Wrede<\/p>\n<p><strong><em>\u201eIch bin.<\/em><\/strong><br \/>\n<strong><em>Aber ich habe mich nicht.<\/em><\/strong><br \/>\n<strong><em>Darum werden wir erst.\u201c<\/em><\/strong><br \/>\nErnst Bloch<\/p>\n<p>Individuen, Gruppen, \u00f6ffentliche sowie private K\u00f6rperschaften ringen auf vielf\u00e4ltige Art und Weise um Aufmerksamkeit und Anerkennung. Die damit zusammenh\u00e4ngenden politischen, sozialen, kulturellen und \u00f6konomischen Implikationen sowie deren Widerspr\u00fcche und Divergenzen haben Identit\u00e4t zu einem Dauerthema, zu einem zentralen Begriff von Krise und Krisenbew\u00e4ltigung gemacht. Zweifellos ist Design tief in diese Prozesse verwickelt. Eine der zentralen Fragestellungen des Lehrgebiets ist es auf welche Art Design Identit\u00e4ten durch Sprache, Verhaltens- und Kommunikationsweisen, aber auch durch die Gestaltung von Marken, Produkten, Werbung, Musik, Mode usw. formuliert und performiert.<\/p>\n<p>Wissenschaftliche Seminare in diesem Lehrgebiet haben die Re- und Dekonstruktion von sozialen Praktiken, Kommunikationen und Machttransformationen zum Ziel. Hierbei werden besonders die sozio-semiotischen Praktiken Identit\u00e4t stiftender Kommunikation untersucht.<br \/>\nPerspektiven der Analyse sind hierbei:<br \/>\n&#8211; die kultur- und sozialwissenschaftlichen Diskurse um Identit\u00e4t und Differenz,<br \/>\n&#8211; zeichentheoretische und kommunikationswissenschaftlichen Theorien,<br \/>\n&#8211; gestalterische Denk- und Handlungsformen <em>(research through design)<\/em><\/p>\n<p>In Projekten werden anwendungsorientierte Arbeitsweisen zu Recherche, Analyse, Konzept, Strategie und Entwurf praktiziert. Gesellschaftsrelevante Forschungsfragen sowie realit\u00e4tsnahe Herausforderungen werden gemeinsam mit unseren Kooperationspartnerinnen und -partnern im Themenfeld Identit\u00e4t und Design bearbeitet.<\/p>\n<p><strong><a title=\"Antrittsvorlesung \u2013 Zum Lehrgebiet Identit\u00e4t und Design\" href=\"https:\/\/spaces.kisd.de\/netzradio\/2010\/05\/25\/antrittsvorlesung-prof-andreas-wrede\/\" target=\"_blank\" rel=\"noopener\">Vorlesung zum Lehrgebiet Identit\u00e4t und Design.<br \/>\n<\/a><\/strong>Prof. Andreas Wrede, 25.05.2010<\/p>\n<p><em><br \/>\n<strong>English:<\/strong><\/em><br \/>\n<em>Area of Study: Identity and Design (ID) at the <\/em><em>K\u00f6ln International School of Design, Faculty of Cultural Studies of TH K\u00f6ln. <\/em><br \/>\n<em>Supervised by Prof. Andreas Wrede<\/em><\/p>\n<p><strong><em>&#8220;I am.<\/em><\/strong><br \/>\n<strong><em>But I don&#8217;t have me.<\/em><\/strong><br \/>\n<strong><em>That is why we first become.&#8221;<\/em><\/strong><br \/>\n<em>Ernst Bloch<\/em><\/p>\n<p><em>Individuals, groups, public as well as private entities struggle for attention and recognition in a variety of ways. The related political, social, cultural and economic implications as well as their contradictions and divergences have made identity an enduring theme, a central concept of crisis and crisis management. Undoubtedly, design is deeply implicated in these processes. One of the central questions of the field is in which way design formulates and performs identities through language, modes of behavior and communication, but also through the design of brands, products, advertising, music, fashion, and so on.<br \/>\n<\/em><em>Scientific seminars in this field aim at the re- and deconstruction of social practices, communications and power transformations. In particular, the socio-semiotic practices of identity-creating communication are examined.<\/em><br \/>\n<em>Perspectives of the analysis are<\/em><br \/>\n<em>&#8211; discourses on identity and difference in the cultural and social science <\/em><br \/>\n<em>&#8211; sign-theoretical and communication-scientific theories,<\/em><br \/>\n<em>&#8211; design-related forms of thinking and acting (research through design)<\/em><\/p>\n<p><em>In projects, application-oriented working methods for research, analysis, concept, strategy and design are practiced. Research questions relevant to society as well as challenges close to reality are worked on together with our cooperation partners in the thematic field of identity and design.<\/em><\/p>\n","protected":false},"excerpt":{"rendered":"","protected":false},"author":1,"featured_media":0,"parent":0,"menu_order":1,"comment_status":"open","ping_status":"closed","template":"","meta":{"scoped_notify_notify_others":"yes","footnotes":""},"class_list":["post-974","page","type-page","status-publish","hentry"],"_links":{"self":[{"href":"https:\/\/spaces.kisd.de\/identitaet\/wp-json\/wp\/v2\/pages\/974","targetHints":{"allow":["GET"]}}],"collection":[{"href":"https:\/\/spaces.kisd.de\/identitaet\/wp-json\/wp\/v2\/pages"}],"about":[{"href":"https:\/\/spaces.kisd.de\/identitaet\/wp-json\/wp\/v2\/types\/page"}],"author":[{"embeddable":true,"href":"https:\/\/spaces.kisd.de\/identitaet\/wp-json\/wp\/v2\/users\/1"}],"replies":[{"embeddable":true,"href":"https:\/\/spaces.kisd.de\/identitaet\/wp-json\/wp\/v2\/comments?post=974"}],"version-history":[{"count":2,"href":"https:\/\/spaces.kisd.de\/identitaet\/wp-json\/wp\/v2\/pages\/974\/revisions"}],"predecessor-version":[{"id":1792,"href":"https:\/\/spaces.kisd.de\/identitaet\/wp-json\/wp\/v2\/pages\/974\/revisions\/1792"}],"wp:attachment":[{"href":"https:\/\/spaces.kisd.de\/identitaet\/wp-json\/wp\/v2\/media?parent=974"}],"curies":[{"name":"wp","href":"https:\/\/api.w.org\/{rel}","templated":true}]}}