{"id":272,"date":"2018-07-12T11:01:15","date_gmt":"2018-07-12T09:01:15","guid":{"rendered":"https:\/\/spaces.kisd.de\/meinhardt\/?page_id=272"},"modified":"2025-06-03T13:55:50","modified_gmt":"2025-06-03T11:55:50","slug":"curriculum-vitae-2","status":"publish","type":"page","link":"https:\/\/spaces.kisd.de\/meinhardt\/","title":{"rendered":"About me"},"content":{"rendered":"\n<figure class=\"wp-block-image size-large is-resized\"><a href=\"https:\/\/spaces.kisd.de\/app\/uploads\/sites\/970\/2025\/06\/WhatsApp-Bild-2025-06-03-um-09.23.46_5514a4ed.jpg\"><img decoding=\"async\" width=\"530\" height=\"460\" async='on' loading='lazy' src=\"https:\/\/spaces.kisd.de\/app\/uploads\/sites\/970\/2025\/06\/WhatsApp-Bild-2025-06-03-um-09.23.46_5514a4ed-530x460.jpg\" alt=\"\" class=\"wp-image-535\" style=\"width:840px;height:auto\" srcset=\"https:\/\/spaces.kisd.de\/app\/uploads\/sites\/970\/2025\/06\/WhatsApp-Bild-2025-06-03-um-09.23.46_5514a4ed-530x460.jpg 530w, https:\/\/spaces.kisd.de\/app\/uploads\/sites\/970\/2025\/06\/WhatsApp-Bild-2025-06-03-um-09.23.46_5514a4ed-300x260.jpg 300w, https:\/\/spaces.kisd.de\/app\/uploads\/sites\/970\/2025\/06\/WhatsApp-Bild-2025-06-03-um-09.23.46_5514a4ed-768x666.jpg 768w, https:\/\/spaces.kisd.de\/app\/uploads\/sites\/970\/2025\/06\/WhatsApp-Bild-2025-06-03-um-09.23.46_5514a4ed-1536x1333.jpg 1536w, https:\/\/spaces.kisd.de\/app\/uploads\/sites\/970\/2025\/06\/WhatsApp-Bild-2025-06-03-um-09.23.46_5514a4ed.jpg 1745w\" sizes=\"auto, (max-width: 530px) 100vw, 530px\" \/><\/a><\/figure>\n\n\n\n<p><\/p>\n\n\n\n<p>Daniela Meinhardt hat Romanische Philologie, Neuere Geschichte und Komparatistik in Gie\u00dfen und Dijon studiert. Anschlie\u00dfend arbeitete sie als wissenschaftliche Mitarbeiterin an der Justus- Liebig- Universit\u00e4t Gie\u00dfen projektbezogen in verschiedenen Forschungsverb\u00fcnden. Seit 2013 ist sie als Referentin f\u00fcr Studiengangsentwicklung und Schreibcoach an der K\u00f6ln International School of Design (KISD) und seit 2024 im Pr\u00e4sidium der TH K\u00f6ln t\u00e4tig.<\/p>\n\n\n\n<details class=\"wp-block-details is-layout-flow wp-block-details-is-layout-flow\"><summary>Curriculum Vitae<\/summary>\n<p><\/p>\n\n\n\n<p>seit 05\/2024: Referentin f\u00fcr Studiengangs- und Hochschulentwicklung<br>TH K\u00f6ln, K\u00f6ln International School of Design (KISD) und Pr\u00e4sidium<\/p>\n\n\n\n<p>seit 04\/2016: Schreibcoach<br>TH K\u00f6ln, Fakult\u00e4t f\u00fcr Anlagen, Energie- und Maschinensysteme<br><span class=\"has-inline-color has-cyan-bluish-gray-color\">Leitung \u00bbBegleitseminar Bachelor Thesis\u00ab im BA Maschinenbau, Tutor*innenqualifizierung<\/span><\/p>\n\n\n\n<p>seit 03\/2013: Referentin f\u00fcr Studiengangsentwicklung und Schreibcoach<br>TH K\u00f6ln, K\u00f6ln International School of Design (KISD)<br><span class=\"has-inline-color has-cyan-bluish-gray-color\">Studiengangsreformierung, Akkreditierungen, Qualit\u00e4tsmanagement, Studienkoordination,&nbsp;Lehrt\u00e4tigkeit, Schreibberatung und -didaktik<\/span><\/p>\n\n\n\n<p>01\/2010&nbsp;\u2013&nbsp;12\/2015: Gesch\u00e4ftsf\u00fchrerin von \u00bbIrrlicht &amp; Irrsinn. Feuerspiel und Flammentanz GbR\u00ab<\/p>\n\n\n\n<p>10\/2009 \u2013 09\/2012: Wissenschaftliche Mitarbeiterstelle<br>Justus-Liebig-Universit\u00e4t Gie\u00dfen, Institut f\u00fcr Romanistik<br><span class=\"has-inline-color has-cyan-bluish-gray-color\">Wiss. Mitarbeiterin im DFG-Projekt \u00bbWissensmodelle der Mati\u00e8re de Bretagne. Epistemologische Darstellungskonzepte und -verfahren im zeitgen\u00f6ssischen franz\u00f6sischen Artusroman\u00ab<\/span><\/p>\n\n\n\n<p>10\/2008 \u2013 09\/2009: Wissenschaftliche Mitarbeiterstelle<br>Justus-Liebig-Universit\u00e4t Gie\u00dfen, Institut f\u00fcr Romanistik<br><span class=\"has-inline-color has-cyan-bluish-gray-color\">Vertretung C 1-Stelle am Lehrstuhl von Prof. Dr. Dr. h.c. Dietmar Rieger<\/span><\/p>\n\n\n\n<p>06\/2007 \u2013 09\/2008: Wissenschaftliche Mitarbeiterstelle<br>Justus-Liebig-Universit\u00e4t Gie\u00dfen, Institut f\u00fcr Romanistik<br><span class=\"has-inline-color has-cyan-bluish-gray-color\">Wiss. Mitarbeiterin im Teilprojekt \u00bbErinnerungsn\u00e4he und Erinnerungsdistanz um die Jahrtausendwende: Literarische und filmische Inszenierungen des Mittelalters zwischen Mythos und Geschichte\u00ab des Sonderforschungsbereichs 434 \u00bbErinnerungskulturen<\/span>\u00ab<\/p>\n\n\n\n<h4 class=\"wp-block-heading\">T\u00e4tigkeiten w\u00e4hrend des Studiums<\/h4>\n\n\n\n<p>12\/2005 \u2013 05\/2007: Studentische Hilfskraft<br>Justus-Liebig-Universit\u00e4t Gie\u00dfen, Institut f\u00fcr Romanistik<br><span class=\"has-inline-color has-cyan-bluish-gray-color\">DFG-Netzwerk \u00bbLiebessemantik Repr\u00e4sentation menschlicher Affekte in Texten und Bildern von 1500 bis 1800 in Italien und Frankreich\u00ab<\/span><\/p>\n\n\n\n<p>09\/2003 \u2013 05\/2007: Studentische Hilfskraft<br>Justus-Liebig-Universit\u00e4t Gie\u00dfen, Institut f\u00fcr Romanistik<\/p>\n\n\n\n<p>09\/2003 \u2013 05\/2007: Tutorin im Bereich \u00bbSpanische Literaturwissenschaft\u00ab<br>Justus-Liebig-Universit\u00e4t Gie\u00dfen, Institut f\u00fcr Romanistik<\/p>\n\n\n\n<h4 class=\"wp-block-heading\">Studium<\/h4>\n\n\n\n<p>04\/2001 \u2013 04\/2007:&nbsp;Magister Artium<br>Justus-Liebig-Universit\u00e4t, Gie\u00dfen<br>Romanische Philologie (Franz\u00f6sisch\/Spanisch), Neuere Geschichte, Komparatistik<\/p>\n\n\n\n<p>10\/2003 \u2013 03\/2004:&nbsp;Universit\u00e9 de Bourgogne, Dijon (Frankreich)<br>Auslandsstudium im Rahmen des Austauschprogramms ERASMUS<\/p>\n<\/details>\n\n\n\n<details class=\"wp-block-details is-layout-flow wp-block-details-is-layout-flow\"><summary>Gremient\u00e4tigkeiten<\/summary>\n<p><\/p>\n\n\n\n<p>seit 06\/2018:&nbsp;Sprecherin des hochschulweiten Expertisezirkels \u00bbSchreibdidaktik\u00ab <br>Zentrum f\u00fcr Lehrentwicklung, TH K\u00f6ln<\/p>\n\n\n\n<p>seit 12\/2017:&nbsp;Mitglied des hochschulweiten Expertisezirkels \u00bbStudiengangsentwicklung\u00ab<br>Zentrum f\u00fcr Lehrentwicklung, TH K\u00f6ln<\/p>\n\n\n\n<p>seit 02\/2016: Mitglied des Studienbeirats<br>Fakult\u00e4t f\u00fcr Kulturwissenschaften,&nbsp;TH K\u00f6ln<\/p>\n\n\n\n<p>seit 10\/2014:&nbsp;Leitung der Studienreformkomission<br>K\u00f6ln International School of Design,&nbsp;TH K\u00f6ln<\/p>\n<\/details>\n\n\n\n<details class=\"wp-block-details is-layout-flow wp-block-details-is-layout-flow\"><summary>Weiterbildungen<\/summary>\n<p><\/p>\n\n\n\n<p>Systemischer Coach<br>Arbeitsgemeinschaft f\u00fcr psychoanalytisch-systemische Praxis und Forschung e.V. (APF), April 2023<\/p>\n\n\n\n<p>Mental Health First Aid &#8211; Ersthelferin<br>TH K\u00f6ln, M\u00e4rz 2021<\/p>\n\n\n\n<p>Zertifikat \u00bbSchreibberatung\u00ab<br>Justus-Liebig-Universit\u00e4t Gie\u00dfen, Zentrum f\u00fcr fremdsprachliche und<br>berufsfeldorientierte Kompetenzen und Hochschuldidaktische Weiterbildungen, 2012\/2013<\/p>\n<\/details>\n\n\n\n<details class=\"wp-block-details is-layout-flow wp-block-details-is-layout-flow\"><summary>Auszeichnungen und Mitgliedschaften<\/summary>\n<p><\/p>\n\n\n\n<h3 class=\"wp-block-heading\">Auszeichnungen<\/h3>\n\n\n\n<p>Juni 2015: Lehrpreis \u00bbForschendes Lernen\u00ab der FH K\u00f6ln<br>Konzept \u00bbAugen auf und ab auf die Insel. Das Schreiblabor.\u00ab<\/p>\n\n\n\n<h3 class=\"wp-block-heading\">Mitgliedschaften<\/h3>\n\n\n\n<ul class=\"wp-block-list\">\n<li>Lehre<sup>n <\/sup>\u2013 Das B\u00fcndnis f\u00fcr Hochschullehre (seit 2018)<\/li>\n<\/ul>\n<\/details>\n","protected":false},"excerpt":{"rendered":"","protected":false},"author":1366,"featured_media":0,"parent":0,"menu_order":0,"comment_status":"closed","ping_status":"closed","template":"","meta":{"scoped_notify_notify_others":"no","footnotes":""},"class_list":["post-272","page","type-page","status-publish","hentry"],"_links":{"self":[{"href":"https:\/\/spaces.kisd.de\/meinhardt\/wp-json\/wp\/v2\/pages\/272","targetHints":{"allow":["GET"]}}],"collection":[{"href":"https:\/\/spaces.kisd.de\/meinhardt\/wp-json\/wp\/v2\/pages"}],"about":[{"href":"https:\/\/spaces.kisd.de\/meinhardt\/wp-json\/wp\/v2\/types\/page"}],"author":[{"embeddable":true,"href":"https:\/\/spaces.kisd.de\/meinhardt\/wp-json\/wp\/v2\/users\/1366"}],"replies":[{"embeddable":true,"href":"https:\/\/spaces.kisd.de\/meinhardt\/wp-json\/wp\/v2\/comments?post=272"}],"version-history":[{"count":2,"href":"https:\/\/spaces.kisd.de\/meinhardt\/wp-json\/wp\/v2\/pages\/272\/revisions"}],"predecessor-version":[{"id":540,"href":"https:\/\/spaces.kisd.de\/meinhardt\/wp-json\/wp\/v2\/pages\/272\/revisions\/540"}],"wp:attachment":[{"href":"https:\/\/spaces.kisd.de\/meinhardt\/wp-json\/wp\/v2\/media?parent=272"}],"curies":[{"name":"wp","href":"https:\/\/api.w.org\/{rel}","templated":true}]}}