{"id":322,"date":"2018-07-12T11:41:26","date_gmt":"2018-07-12T09:41:26","guid":{"rendered":"https:\/\/spaces.kisd.de\/meinhardt\/?page_id=322"},"modified":"2024-12-05T16:02:11","modified_gmt":"2024-12-05T15:02:11","slug":"lehre-2","status":"publish","type":"page","link":"https:\/\/spaces.kisd.de\/meinhardt\/lehre-2\/","title":{"rendered":"Lehre"},"content":{"rendered":"\n<details class=\"wp-block-details is-layout-flow wp-block-details-is-layout-flow\"><summary>Writing Lab<\/summary>\n<p>\u00bbThemenfindung Intermediate Project, Proposals &amp; Bachelor Thesis\u00ab<br>TH K\u00f6ln, K\u00f6ln International School of Design,&nbsp;seit WiSe 2020\/21<\/p>\n\n\n\n<p>\u00bbSchreibwerkstatt Intermediate Project, Proposals &amp; Bachelor Thesis\u00ab<br>TH K\u00f6ln, K\u00f6ln International School of Design,&nbsp;seit WiSe 2013\/2014<\/p>\n\n\n\n<p>\u00bbBegleitseminar Bachelor Thesis\u00ab<br>TH K\u00f6ln, Fakult\u00e4t f\u00fcr Anlagen, Energie- und Maschinensysteme,&nbsp;seit SoSe 2016<\/p>\n\n\n\n<p>\u00bbBegleitseminar Bachelor Thesis\u00ab<br>TH K\u00f6ln, Institut f\u00fcr Informationswissenschaft,&nbsp;SoSe 2016<\/p>\n\n\n\n<p>\u00bbScientific Work\u00ab (englischsprachig, gemeinsam mit Vanessa Mai)<br>TH K\u00f6ln, Institut for Technologies in the Tropics (ITT),&nbsp;WiSe 2015\/2016<\/p>\n<\/details>\n\n\n\n<details class=\"wp-block-details is-layout-flow wp-block-details-is-layout-flow\"><summary>Projekte<\/summary>\n<p>\u00bbKISDparcours\u00ab, gemeinsam mit Prof. Michael Gais und Johanna Mehl<br>TH&nbsp;K\u00f6ln, K\u00f6ln International School of Design,&nbsp;SoSe 2020<\/p>\n\n\n\n<p>\u00bbWriting Across the Disciplines\u00ab, gemeinsam mit Dr. Elisabeth Kaliva<br>TH&nbsp;K\u00f6ln, K\u00f6ln International School of Design,&nbsp; SoSe 2019<\/p>\n\n\n\n<p>\u00bbHochschulweite Interdisziplin\u00e4re Projektwoche\u00ab, gemeinsam mit Dr. Elisabeth Kaliva<br>TH&nbsp;K\u00f6ln, K\u00f6ln International School of Design,&nbsp; seit WiSe 2014\/2015<\/p>\n<\/details>\n\n\n\n<details class=\"wp-block-details is-layout-flow wp-block-details-is-layout-flow\"><summary>Seminare<\/summary>\n<p>\u00bbDesign &amp; Wissenschaft\u00ab, gemeinsam mit Prof. Birgit Mager<br>TH&nbsp;K\u00f6ln, K\u00f6ln International School of Design,&nbsp;WiSe 2013\/2014<\/p>\n\n\n\n<p>\u00bb<em>Rex quondam rexque futurus.<\/em> K\u00f6nig Artus und die Mati\u00e8re de Bretagne<br>in franz\u00f6sischen Romanen des 20. Jahrhunderts\u00ab<br>Justus-Liebig-Universit\u00e4t Gie\u00dfen, Institut f\u00fcr Romanistik,&nbsp;SoSe 2010<\/p>\n<\/details>\n\n\n\n<details class=\"wp-block-details is-layout-flow wp-block-details-is-layout-flow\"><summary>Kurse <\/summary>\n<p>\u00bbKISDessentials\u00ab<br>TH&nbsp;K\u00f6ln, K\u00f6ln International School of Design, seit WiSe 2018\/2019<\/p>\n\n\n\n<p>\u00bbQuality &amp; Innovation\u00ab<br>TH&nbsp;K\u00f6ln, K\u00f6ln International School of Design,&nbsp;SoSe 2013, WiSe 2013\/2014<\/p>\n\n\n\n<p>\u00bbInterpretation franz\u00f6sischer Texte\u00ab<br>Justus-Liebig-Universit\u00e4t Gie\u00dfen, Institut f\u00fcr Romanistik,&nbsp;WiSe 2008\/2009, SoSe 2009<\/p>\n<\/details>\n\n\n\n<details class=\"wp-block-details is-layout-flow wp-block-details-is-layout-flow\"><summary>Einf\u00fchrungen<\/summary>\n<p>\u00bbEinf\u00fchrung in die allgemeine und franz\u00f6sische Literaturwissenschaft\u00ab<br>Justus-Liebig-Universit\u00e4t Gie\u00dfen, Institut f\u00fcr Romanistik,&nbsp;<br>WiSe 2008\/2009, SoSe 2009, WiSe 2009\/2010, WiSe 2010\/2011<\/p>\n\n\n\n<p>\u00bbEinf\u00fchrung in die Literatur des Mittelalters (Altfranz\u00f6sisch II)\u00ab<br>Justus-Liebig-Universit\u00e4t Gie\u00dfen, Institut f\u00fcr Romanistik,&nbsp;SoSe 2008<\/p>\n<\/details>\n","protected":false},"excerpt":{"rendered":"","protected":false},"author":1366,"featured_media":0,"parent":0,"menu_order":0,"comment_status":"closed","ping_status":"closed","template":"","meta":{"scoped_notify_notify_others":"no","footnotes":""},"class_list":["post-322","page","type-page","status-publish","hentry"],"_links":{"self":[{"href":"https:\/\/spaces.kisd.de\/meinhardt\/wp-json\/wp\/v2\/pages\/322","targetHints":{"allow":["GET"]}}],"collection":[{"href":"https:\/\/spaces.kisd.de\/meinhardt\/wp-json\/wp\/v2\/pages"}],"about":[{"href":"https:\/\/spaces.kisd.de\/meinhardt\/wp-json\/wp\/v2\/types\/page"}],"author":[{"embeddable":true,"href":"https:\/\/spaces.kisd.de\/meinhardt\/wp-json\/wp\/v2\/users\/1366"}],"replies":[{"embeddable":true,"href":"https:\/\/spaces.kisd.de\/meinhardt\/wp-json\/wp\/v2\/comments?post=322"}],"version-history":[{"count":2,"href":"https:\/\/spaces.kisd.de\/meinhardt\/wp-json\/wp\/v2\/pages\/322\/revisions"}],"predecessor-version":[{"id":527,"href":"https:\/\/spaces.kisd.de\/meinhardt\/wp-json\/wp\/v2\/pages\/322\/revisions\/527"}],"wp:attachment":[{"href":"https:\/\/spaces.kisd.de\/meinhardt\/wp-json\/wp\/v2\/media?parent=322"}],"curies":[{"name":"wp","href":"https:\/\/api.w.org\/{rel}","templated":true}]}}